{"id":1468,"date":"2024-02-08T15:42:11","date_gmt":"2024-02-08T14:42:11","guid":{"rendered":"https:\/\/bordeaux-airport-transfers.com\/politique-en-matiere-de-cookies"},"modified":"2024-10-27T21:02:15","modified_gmt":"2024-10-27T20:02:15","slug":"politique-en-matiere-de-cookies","status":"publish","type":"page","link":"https:\/\/bordeaux-airport-transfers.com\/fr\/politique-en-matiere-de-cookies","title":{"rendered":"Politique en mati\u00e8re de cookies"},"content":{"rendered":"<p>[et_pb_section fb_built=\u00a0\u00bb1&Prime; next_background_color=\u00a0\u00bb#ffffff\u00a0\u00bb _builder_version=\u00a0\u00bb4.24.0&Prime; _module_preset=\u00a0\u00bbdefault\u00a0\u00bb background_color=\u00a0\u00bb#000000&Prime; custom_margin=\u00a0\u00bb-180px||||false|false\u00a0\u00bb custom_margin_tablet=\u00a0\u00bb-180px||||false|false\u00a0\u00bb custom_margin_phone=\u00a0\u00bb-180px||||false|false\u00a0\u00bb custom_margin_last_edited=\u00a0\u00bbon|desktop\u00a0\u00bb custom_padding=\u00a0\u00bb||||false|false\u00a0\u00bb bottom_divider_style=\u00a0\u00bbcurve\u00a0\u00bb bottom_divider_height=\u00a0\u00bb85px\u00a0\u00bb bottom_divider_repeat=\u00a0\u00bb1x\u00a0\u00bb global_colors_info=\u00a0\u00bb{}\u00a0\u00bb][et_pb_row make_equal=\u00a0\u00bbon\u00a0\u00bb _builder_version=\u00a0\u00bb4.24.0&Prime; _module_preset=\u00a0\u00bbdefault\u00a0\u00bb max_width=\u00a0\u00bb795px\u00a0\u00bb module_alignment=\u00a0\u00bbcenter\u00a0\u00bb custom_padding=\u00a0\u00bb||67px|||\u00a0\u00bb global_colors_info=\u00a0\u00bb{}\u00a0\u00bb][et_pb_column type=\u00a0\u00bb4_4&Prime; _builder_version=\u00a0\u00bb4.24.0&Prime; _module_preset=\u00a0\u00bbdefault\u00a0\u00bb global_colors_info=\u00a0\u00bb{}\u00a0\u00bb][et_pb_text _builder_version=\u00a0\u00bb4.24.0&Prime; _module_preset=\u00a0\u00bbdefault\u00a0\u00bb text_font=\u00a0\u00bb|600|||||||\u00a0\u00bb text_text_color=\u00a0\u00bb#FFFFFF\u00a0\u00bb text_font_size=\u00a0\u00bb16px\u00a0\u00bb header_font=\u00a0\u00bb|700|||||||\u00a0\u00bb header_text_color=\u00a0\u00bb#FFFFFF\u00a0\u00bb header_font_size=\u00a0\u00bb40px\u00a0\u00bb width=\u00a0\u00bb100%\u00a0\u00bb text_font_size_tablet=\u00a0\u00bb16px\u00a0\u00bb text_font_size_phone=\u00a0\u00bb16px\u00a0\u00bb text_font_size_last_edited=\u00a0\u00bbon|desktop\u00a0\u00bb header_font_size_tablet=\u00a0\u00bb40px\u00a0\u00bb header_font_size_phone=\u00a0\u00bb30px\u00a0\u00bb header_font_size_last_edited=\u00a0\u00bbon|desktop\u00a0\u00bb global_colors_info=\u00a0\u00bb{}\u00a0\u00bb]<\/p>\n<h1 style=\"text-align: center\">Politique en mati\u00e8re de cookies<\/h1>\n<p style=\"text-align: center\">[\/et_pb_text][\/et_pb_column][\/et_pb_row][\/et_pb_section][et_pb_section fb_built=\u00a0\u00bb1&Prime; _builder_version=\u00a0\u00bb4.24.0&Prime; _module_preset=\u00a0\u00bbdefault\u00a0\u00bb global_colors_info=\u00a0\u00bb{}\u00a0\u00bb][et_pb_row _builder_version=\u00a0\u00bb4.24.0&Prime; _module_preset=\u00a0\u00bbdefault\u00a0\u00bb global_colors_info=\u00a0\u00bb{}\u00a0\u00bb][et_pb_column type=\u00a0\u00bb4_4&Prime; _builder_version=\u00a0\u00bb4.24.0&Prime; _module_preset=\u00a0\u00bbdefault\u00a0\u00bb global_colors_info=\u00a0\u00bb{}\u00a0\u00bb][et_pb_text _builder_version=\u00a0\u00bb4.24.0&Prime; _module_preset=\u00a0\u00bbdefault\u00a0\u00bb text_font=\u00a0\u00bb||||||||\u00a0\u00bb text_text_color=\u00a0\u00bb#000000&Prime; text_font_size=\u00a0\u00bb16px\u00a0\u00bb header_2_font=\u00a0\u00bb|700|||||||\u00a0\u00bb header_2_text_color=\u00a0\u00bb#000000&Prime; header_3_font=\u00a0\u00bb|600|||||||\u00a0\u00bb global_colors_info=\u00a0\u00bb{}\u00a0\u00bb]<\/p>\n<p style=\"text-align: justify\">Ceci est la politique de cookies de Bordeaux-Airport-Transfers.com.<\/p>\n<h3 style=\"text-align: justify\"><strong>Qu&rsquo;est-ce qu&rsquo;un cookie ?<\/strong><\/h3>\n<p style=\"text-align: justify\">Comme presque tous les sites web professionnels, ce site utilise des cookies, qui sont de minuscules fichiers t\u00e9l\u00e9charg\u00e9s sur votre ordinateur, afin d&rsquo;am\u00e9liorer votre exp\u00e9rience. Cette page d\u00e9crit les informations qu&rsquo;ils recueillent, comment nous les utilisons et pourquoi nous avons parfois besoin de stocker ces cookies. Nous vous expliquons \u00e9galement comment vous pouvez emp\u00eacher ces cookies d&rsquo;\u00eatre stock\u00e9s, mais cela peut entra\u00eener une d\u00e9gradation ou une interruption de certains \u00e9l\u00e9ments de la fonctionnalit\u00e9 du site.  <\/p>\n<h3 style=\"text-align: justify\"><strong>Comment nous utilisons les cookies<\/strong><\/h3>\n<p style=\"text-align: justify\">Nous utilisons des cookies pour diverses raisons d\u00e9taill\u00e9es ci-dessous. Malheureusement, dans la plupart des cas, il n&rsquo;existe pas d&rsquo;options standard pour d\u00e9sactiver les cookies sans d\u00e9sactiver compl\u00e8tement les fonctionnalit\u00e9s et les caract\u00e9ristiques qu&rsquo;ils ajoutent \u00e0 ce site. Il est recommand\u00e9 de laisser tous les cookies activ\u00e9s si vous n&rsquo;\u00eates pas s\u00fbr d&rsquo;en avoir besoin ou non, au cas o\u00f9 ils seraient utilis\u00e9s pour fournir un service que vous utilisez.  <\/p>\n<h3 style=\"text-align: justify\"><strong>D\u00e9sactivation des cookies<\/strong><\/h3>\n<p style=\"text-align: justify\">Vous pouvez emp\u00eacher l&rsquo;installation de cookies en ajustant les param\u00e8tres de votre navigateur (voir l&rsquo;aide de votre navigateur pour savoir comment proc\u00e9der). Sachez que la d\u00e9sactivation des cookies affectera la fonctionnalit\u00e9 de ce site et de nombreux autres sites que vous visitez. La d\u00e9sactivation des cookies entra\u00eene g\u00e9n\u00e9ralement la d\u00e9sactivation de certaines fonctionnalit\u00e9s et caract\u00e9ristiques de ce site. Il est donc recommand\u00e9 de ne pas d\u00e9sactiver les cookies.   <\/p>\n<h3 style=\"text-align: justify\"><strong>Les cookies que nous installons<\/strong><\/h3>\n<ul style=\"text-align: justify\">\n<li>Cookies li\u00e9s au compte<\/li>\n<\/ul>\n<p style=\"text-align: justify\">Si vous cr\u00e9ez un compte chez nous, nous utiliserons des cookies pour g\u00e9rer le processus d&rsquo;inscription et l&rsquo;administration g\u00e9n\u00e9rale. Ces cookies sont g\u00e9n\u00e9ralement supprim\u00e9s lorsque vous vous d\u00e9connectez, mais dans certains cas, ils peuvent rester en place pour m\u00e9moriser vos pr\u00e9f\u00e9rences sur le site lorsque vous \u00eates d\u00e9connect\u00e9. <\/p>\n<ul style=\"text-align: justify\">\n<li>Cookies li\u00e9s \u00e0 la connexion<\/li>\n<\/ul>\n<p style=\"text-align: justify\">Nous utilisons des cookies lorsque vous \u00eates connect\u00e9 afin de nous en souvenir. Cela vous \u00e9vite de devoir vous connecter \u00e0 chaque fois que vous visitez une nouvelle page. Ces cookies sont g\u00e9n\u00e9ralement supprim\u00e9s ou effac\u00e9s lorsque vous vous d\u00e9connectez afin de garantir que vous ne puissiez acc\u00e9der \u00e0 des fonctions et zones restreintes que lorsque vous \u00eates connect\u00e9.  <\/p>\n<ul style=\"text-align: justify\">\n<li>Cookies relatifs aux pr\u00e9f\u00e9rences du site<\/li>\n<\/ul>\n<p style=\"text-align: justify\">Afin de vous offrir une exp\u00e9rience agr\u00e9able sur ce site, nous vous offrons la possibilit\u00e9 de d\u00e9finir vos pr\u00e9f\u00e9rences quant au fonctionnement de ce site lorsque vous l&rsquo;utilisez. Pour m\u00e9moriser vos pr\u00e9f\u00e9rences, nous devons installer des cookies afin que ces informations puissent \u00eatre appel\u00e9es chaque fois que vous interagissez avec une page affect\u00e9e par vos pr\u00e9f\u00e9rences. <\/p>\n<h3 style=\"text-align: justify\"><strong>Cookies de tiers<\/strong><\/h3>\n<p style=\"text-align: justify\">Dans certains cas particuliers, nous utilisons \u00e9galement des cookies fournis par des tiers de confiance. La section suivante d\u00e9taille les cookies de tiers que vous pouvez rencontrer sur ce site. <\/p>\n<ul style=\"text-align: justify\">\n<li>Ce site utilise Google Analytics, l&rsquo;une des solutions d&rsquo;analyse les plus r\u00e9pandues et les plus fiables sur le web, pour nous aider \u00e0 comprendre comment vous utilisez le site et comment nous pouvons am\u00e9liorer votre exp\u00e9rience. Ces cookies peuvent suivre des \u00e9l\u00e9ments tels que le temps que vous passez sur le site et les pages que vous visitez afin que nous puissions continuer \u00e0 produire un contenu attrayant. <\/li>\n<\/ul>\n<p style=\"text-align: justify\">Pour plus d&rsquo;informations sur les cookies de Google Analytics, consultez la page officielle de Google Analytics.<\/p>\n<ul style=\"text-align: justify\">\n<li>Comme nous vendons des produits, il est important pour nous de comprendre les statistiques concernant le nombre de visiteurs de notre site qui effectuent effectivement un achat et c&rsquo;est donc ce type de donn\u00e9es que ces cookies suivront. C&rsquo;est important pour vous, car cela signifie que nous pouvons faire des pr\u00e9visions commerciales pr\u00e9cises qui nous permettent de contr\u00f4ler nos co\u00fbts de publicit\u00e9 et de produits afin de garantir le meilleur prix possible. <\/li>\n<\/ul>\n<h3 style=\"text-align: justify\"><strong>Plus d&rsquo;informations<\/strong><\/h3>\n<p style=\"text-align: justify\">Nous esp\u00e9rons avoir clarifi\u00e9 les choses pour vous et, comme indiqu\u00e9 pr\u00e9c\u00e9demment, si vous n&rsquo;\u00eates pas s\u00fbr d&rsquo;avoir besoin de quelque chose, il est g\u00e9n\u00e9ralement plus prudent de laisser les cookies activ\u00e9s au cas o\u00f9 ils interagiraient avec l&rsquo;une des fonctions que vous utilisez sur notre site.<\/p>\n<p style=\"text-align: justify\">Toutefois, si vous souhaitez obtenir davantage d&rsquo;informations, vous pouvez nous contacter par l&rsquo;une de nos m\u00e9thodes de contact pr\u00e9f\u00e9r\u00e9es :<\/p>\n<ul style=\"text-align: justify\">\n<li>Courriel : <u><a href=\"mailto:info@bordeauxairporttransfers.com\">contact@bordeaux-airport-transfers.com<\/a><\/u><\/li>\n<\/ul>\n<p style=\"text-align: justify\">\n<p>[\/et_pb_text][\/et_pb_column][\/et_pb_row][\/et_pb_section]<\/p>\n","protected":false},"excerpt":{"rendered":"<p>Politique en mati\u00e8re de cookies Ceci est la politique de cookies de Bordeaux-Airport-Transfers.com. Qu&rsquo;est-ce qu&rsquo;un cookie ? Comme presque tous les sites web professionnels, ce site utilise des cookies, qui sont de minuscules fichiers t\u00e9l\u00e9charg\u00e9s sur votre ordinateur, afin d&rsquo;am\u00e9liorer votre exp\u00e9rience. Cette page d\u00e9crit les informations qu&rsquo;ils recueillent, comment nous les utilisons et pourquoi [&hellip;]<\/p>\n","protected":false},"author":1,"featured_media":0,"parent":0,"menu_order":0,"comment_status":"closed","ping_status":"closed","template":"","meta":{"_et_pb_use_builder":"on","_et_pb_old_content":"","_et_gb_content_width":"","two_page_speed":{"current_score":{"status":"error_no_score"}},"footnotes":""},"class_list":["post-1468","page","type-page","status-publish","hentry"],"yoast_head":"<!-- This site is optimized with the Yoast SEO plugin v27.4 - https:\/\/yoast.com\/product\/yoast-seo-wordpress\/ -->\n<title>Politique de cookies Bordeaux-airport-Transfers.com<\/title>\n<meta name=\"description\" content=\"Nous fournissons les d\u00e9tails de la politique de cookies pour bordeaux-airport-transfers.com, concernant la confidentialit\u00e9 et la collecte de donn\u00e9es li\u00e9es aux services de chauffeurs priv\u00e9s et de taxis.\" \/>\n<meta name=\"robots\" content=\"index, follow, max-snippet:-1, max-image-preview:large, max-video-preview:-1\" \/>\n<link rel=\"canonical\" href=\"https:\/\/bordeaux-airport-transfers.com\/fr\/politique-en-matiere-de-cookies\" \/>\n<meta property=\"og:locale\" content=\"fr_FR\" \/>\n<meta property=\"og:type\" content=\"article\" \/>\n<meta property=\"og:title\" content=\"Politique de cookies Bordeaux-airport-Transfers.com\" \/>\n<meta property=\"og:description\" content=\"Nous fournissons les d\u00e9tails de la politique de cookies pour bordeaux-airport-transfers.com, concernant la confidentialit\u00e9 et la collecte de donn\u00e9es li\u00e9es aux services de chauffeurs priv\u00e9s et de taxis.\" \/>\n<meta property=\"og:url\" content=\"https:\/\/bordeaux-airport-transfers.com\/fr\/politique-en-matiere-de-cookies\" \/>\n<meta property=\"og:site_name\" content=\"Bordeaux-airport-transfers\" \/>\n<meta property=\"article:modified_time\" content=\"2024-10-27T20:02:15+00:00\" \/>\n<meta name=\"twitter:card\" content=\"summary_large_image\" \/>\n<meta name=\"twitter:label1\" content=\"Dur\u00e9e de lecture estim\u00e9e\" \/>\n\t<meta name=\"twitter:data1\" content=\"3 minutes\" \/>\n<script type=\"application\/ld+json\" class=\"yoast-schema-graph\">{\"@context\":\"https:\\\/\\\/schema.org\",\"@graph\":[{\"@type\":\"WebPage\",\"@id\":\"https:\\\/\\\/bordeaux-airport-transfers.com\\\/fr\\\/politique-en-matiere-de-cookies\",\"url\":\"https:\\\/\\\/bordeaux-airport-transfers.com\\\/fr\\\/politique-en-matiere-de-cookies\",\"name\":\"Politique de cookies Bordeaux-airport-Transfers.com\",\"isPartOf\":{\"@id\":\"https:\\\/\\\/bordeaux-airport-transfers.com\\\/fr#website\"},\"datePublished\":\"2024-02-08T14:42:11+00:00\",\"dateModified\":\"2024-10-27T20:02:15+00:00\",\"description\":\"Nous fournissons les d\u00e9tails de la politique de cookies pour bordeaux-airport-transfers.com, concernant la confidentialit\u00e9 et la collecte de donn\u00e9es li\u00e9es aux services de chauffeurs priv\u00e9s et de taxis.\",\"breadcrumb\":{\"@id\":\"https:\\\/\\\/bordeaux-airport-transfers.com\\\/fr\\\/politique-en-matiere-de-cookies#breadcrumb\"},\"inLanguage\":\"fr-FR\",\"potentialAction\":[{\"@type\":\"ReadAction\",\"target\":[\"https:\\\/\\\/bordeaux-airport-transfers.com\\\/fr\\\/politique-en-matiere-de-cookies\"]}]},{\"@type\":\"BreadcrumbList\",\"@id\":\"https:\\\/\\\/bordeaux-airport-transfers.com\\\/fr\\\/politique-en-matiere-de-cookies#breadcrumb\",\"itemListElement\":[{\"@type\":\"ListItem\",\"position\":1,\"name\":\"Accueil\",\"item\":\"https:\\\/\\\/bordeaux-airport-transfers.com\\\/fr\"},{\"@type\":\"ListItem\",\"position\":2,\"name\":\"Politique en mati\u00e8re de cookies\"}]},{\"@type\":\"WebSite\",\"@id\":\"https:\\\/\\\/bordeaux-airport-transfers.com\\\/fr#website\",\"url\":\"https:\\\/\\\/bordeaux-airport-transfers.com\\\/fr\",\"name\":\"Bordeaux-airport-transfers.com\",\"description\":\"\",\"publisher\":{\"@id\":\"https:\\\/\\\/bordeaux-airport-transfers.com\\\/fr#organization\"},\"potentialAction\":[{\"@type\":\"SearchAction\",\"target\":{\"@type\":\"EntryPoint\",\"urlTemplate\":\"https:\\\/\\\/bordeaux-airport-transfers.com\\\/fr?s={search_term_string}\"},\"query-input\":{\"@type\":\"PropertyValueSpecification\",\"valueRequired\":true,\"valueName\":\"search_term_string\"}}],\"inLanguage\":\"fr-FR\"},{\"@type\":\"Organization\",\"@id\":\"https:\\\/\\\/bordeaux-airport-transfers.com\\\/fr#organization\",\"name\":\"Bordeaux-airport-transfers\",\"url\":\"https:\\\/\\\/bordeaux-airport-transfers.com\\\/fr\",\"logo\":{\"@type\":\"ImageObject\",\"inLanguage\":\"fr-FR\",\"@id\":\"https:\\\/\\\/bordeaux-airport-transfers.com\\\/fr#\\\/schema\\\/logo\\\/image\\\/\",\"url\":\"https:\\\/\\\/bordeaux-airport-transfers.com\\\/wp-content\\\/uploads\\\/2024\\\/02\\\/Logo-Bordeaux-airport-transfers.com-500x500-2.png\",\"contentUrl\":\"https:\\\/\\\/bordeaux-airport-transfers.com\\\/wp-content\\\/uploads\\\/2024\\\/02\\\/Logo-Bordeaux-airport-transfers.com-500x500-2.png\",\"width\":500,\"height\":500,\"caption\":\"Bordeaux-airport-transfers\"},\"image\":{\"@id\":\"https:\\\/\\\/bordeaux-airport-transfers.com\\\/fr#\\\/schema\\\/logo\\\/image\\\/\"},\"sameAs\":[\"https:\\\/\\\/g.page\\\/r\\\/CVOkx000q0UQEBM\"]}]}<\/script>\n<!-- \/ Yoast SEO plugin. -->","yoast_head_json":{"title":"Politique de cookies Bordeaux-airport-Transfers.com","description":"Nous fournissons les d\u00e9tails de la politique de cookies pour bordeaux-airport-transfers.com, concernant la confidentialit\u00e9 et la collecte de donn\u00e9es li\u00e9es aux services de chauffeurs priv\u00e9s et de taxis.","robots":{"index":"index","follow":"follow","max-snippet":"max-snippet:-1","max-image-preview":"max-image-preview:large","max-video-preview":"max-video-preview:-1"},"canonical":"https:\/\/bordeaux-airport-transfers.com\/fr\/politique-en-matiere-de-cookies","og_locale":"fr_FR","og_type":"article","og_title":"Politique de cookies Bordeaux-airport-Transfers.com","og_description":"Nous fournissons les d\u00e9tails de la politique de cookies pour bordeaux-airport-transfers.com, concernant la confidentialit\u00e9 et la collecte de donn\u00e9es li\u00e9es aux services de chauffeurs priv\u00e9s et de taxis.","og_url":"https:\/\/bordeaux-airport-transfers.com\/fr\/politique-en-matiere-de-cookies","og_site_name":"Bordeaux-airport-transfers","article_modified_time":"2024-10-27T20:02:15+00:00","twitter_card":"summary_large_image","twitter_misc":{"Dur\u00e9e de lecture estim\u00e9e":"3 minutes"},"schema":{"@context":"https:\/\/schema.org","@graph":[{"@type":"WebPage","@id":"https:\/\/bordeaux-airport-transfers.com\/fr\/politique-en-matiere-de-cookies","url":"https:\/\/bordeaux-airport-transfers.com\/fr\/politique-en-matiere-de-cookies","name":"Politique de cookies Bordeaux-airport-Transfers.com","isPartOf":{"@id":"https:\/\/bordeaux-airport-transfers.com\/fr#website"},"datePublished":"2024-02-08T14:42:11+00:00","dateModified":"2024-10-27T20:02:15+00:00","description":"Nous fournissons les d\u00e9tails de la politique de cookies pour bordeaux-airport-transfers.com, concernant la confidentialit\u00e9 et la collecte de donn\u00e9es li\u00e9es aux services de chauffeurs priv\u00e9s et de taxis.","breadcrumb":{"@id":"https:\/\/bordeaux-airport-transfers.com\/fr\/politique-en-matiere-de-cookies#breadcrumb"},"inLanguage":"fr-FR","potentialAction":[{"@type":"ReadAction","target":["https:\/\/bordeaux-airport-transfers.com\/fr\/politique-en-matiere-de-cookies"]}]},{"@type":"BreadcrumbList","@id":"https:\/\/bordeaux-airport-transfers.com\/fr\/politique-en-matiere-de-cookies#breadcrumb","itemListElement":[{"@type":"ListItem","position":1,"name":"Accueil","item":"https:\/\/bordeaux-airport-transfers.com\/fr"},{"@type":"ListItem","position":2,"name":"Politique en mati\u00e8re de cookies"}]},{"@type":"WebSite","@id":"https:\/\/bordeaux-airport-transfers.com\/fr#website","url":"https:\/\/bordeaux-airport-transfers.com\/fr","name":"Bordeaux-airport-transfers.com","description":"","publisher":{"@id":"https:\/\/bordeaux-airport-transfers.com\/fr#organization"},"potentialAction":[{"@type":"SearchAction","target":{"@type":"EntryPoint","urlTemplate":"https:\/\/bordeaux-airport-transfers.com\/fr?s={search_term_string}"},"query-input":{"@type":"PropertyValueSpecification","valueRequired":true,"valueName":"search_term_string"}}],"inLanguage":"fr-FR"},{"@type":"Organization","@id":"https:\/\/bordeaux-airport-transfers.com\/fr#organization","name":"Bordeaux-airport-transfers","url":"https:\/\/bordeaux-airport-transfers.com\/fr","logo":{"@type":"ImageObject","inLanguage":"fr-FR","@id":"https:\/\/bordeaux-airport-transfers.com\/fr#\/schema\/logo\/image\/","url":"https:\/\/bordeaux-airport-transfers.com\/wp-content\/uploads\/2024\/02\/Logo-Bordeaux-airport-transfers.com-500x500-2.png","contentUrl":"https:\/\/bordeaux-airport-transfers.com\/wp-content\/uploads\/2024\/02\/Logo-Bordeaux-airport-transfers.com-500x500-2.png","width":500,"height":500,"caption":"Bordeaux-airport-transfers"},"image":{"@id":"https:\/\/bordeaux-airport-transfers.com\/fr#\/schema\/logo\/image\/"},"sameAs":["https:\/\/g.page\/r\/CVOkx000q0UQEBM"]}]}},"_links":{"self":[{"href":"https:\/\/bordeaux-airport-transfers.com\/fr\/wp-json\/wp\/v2\/pages\/1468","targetHints":{"allow":["GET"]}}],"collection":[{"href":"https:\/\/bordeaux-airport-transfers.com\/fr\/wp-json\/wp\/v2\/pages"}],"about":[{"href":"https:\/\/bordeaux-airport-transfers.com\/fr\/wp-json\/wp\/v2\/types\/page"}],"author":[{"embeddable":true,"href":"https:\/\/bordeaux-airport-transfers.com\/fr\/wp-json\/wp\/v2\/users\/1"}],"replies":[{"embeddable":true,"href":"https:\/\/bordeaux-airport-transfers.com\/fr\/wp-json\/wp\/v2\/comments?post=1468"}],"version-history":[{"count":15,"href":"https:\/\/bordeaux-airport-transfers.com\/fr\/wp-json\/wp\/v2\/pages\/1468\/revisions"}],"predecessor-version":[{"id":1798,"href":"https:\/\/bordeaux-airport-transfers.com\/fr\/wp-json\/wp\/v2\/pages\/1468\/revisions\/1798"}],"wp:attachment":[{"href":"https:\/\/bordeaux-airport-transfers.com\/fr\/wp-json\/wp\/v2\/media?parent=1468"}],"curies":[{"name":"wp","href":"https:\/\/api.w.org\/{rel}","templated":true}]}}