{"id":1431,"date":"2024-02-08T14:24:54","date_gmt":"2024-02-08T13:24:54","guid":{"rendered":"https:\/\/bordeaux-airport-transfers.com\/mon-compte"},"modified":"2024-10-28T13:26:15","modified_gmt":"2024-10-28T12:26:15","slug":"mon-compte","status":"publish","type":"page","link":"https:\/\/bordeaux-airport-transfers.com\/fr\/mon-compte","title":{"rendered":"Mon compte"},"content":{"rendered":"<p>[et_pb_section fb_built=\u00a0\u00bb1&Prime; custom_padding_last_edited=\u00a0\u00bbon|phone\u00a0\u00bb _builder_version=\u00a0\u00bb4.24.0&Prime; _module_preset=\u00a0\u00bbdefault\u00a0\u00bb background_enable_color=\u00a0\u00bboff\u00a0\u00bb use_background_color_gradient=\u00a0\u00bbon\u00a0\u00bb background_color_gradient_type=\u00a0\u00bbcircular\u00a0\u00bb background_color_gradient_direction_radial=\u00a0\u00bbbottom right\u00a0\u00bb background_color_gradient_stops=\u00a0\u00bb#003ca6 28%|#e2ab2d 100%\u00a0\u00bb custom_margin=\u00a0\u00bb-180px||||false|false\u00a0\u00bb custom_margin_tablet=\u00a0\u00bb-180px||||false|false\u00a0\u00bb custom_margin_phone=\u00a0\u00bb-180px||||false|false\u00a0\u00bb custom_margin_last_edited=\u00a0\u00bbon|desktop\u00a0\u00bb custom_padding=\u00a0\u00bb||||false|false\u00a0\u00bb custom_padding_tablet=\u00a0\u00bb||||false|false\u00a0\u00bb custom_padding_phone=\u00a0\u00bb200px||||false|false\u00a0\u00bb bottom_divider_height=\u00a0\u00bb85px\u00a0\u00bb bottom_divider_repeat=\u00a0\u00bb1x\u00a0\u00bb global_colors_info=\u00a0\u00bb{}\u00a0\u00bb][et_pb_row make_equal=\u00a0\u00bbon\u00a0\u00bb _builder_version=\u00a0\u00bb4.24.0&Prime; _module_preset=\u00a0\u00bbdefault\u00a0\u00bb max_width=\u00a0\u00bb795px\u00a0\u00bb module_alignment=\u00a0\u00bbcenter\u00a0\u00bb custom_padding=\u00a0\u00bb||67px|||\u00a0\u00bb global_colors_info=\u00a0\u00bb{}\u00a0\u00bb][et_pb_column type=\u00a0\u00bb4_4&Prime; _builder_version=\u00a0\u00bb4.24.0&Prime; _module_preset=\u00a0\u00bbdefault\u00a0\u00bb global_colors_info=\u00a0\u00bb{}\u00a0\u00bb][et_pb_text _builder_version=\u00a0\u00bb4.24.0&Prime; _module_preset=\u00a0\u00bbdefault\u00a0\u00bb text_font=\u00a0\u00bb|600|||||||\u00a0\u00bb text_text_color=\u00a0\u00bb#FFFFFF\u00a0\u00bb text_font_size=\u00a0\u00bb16px\u00a0\u00bb header_font=\u00a0\u00bb|700|||||||\u00a0\u00bb header_text_color=\u00a0\u00bb#FFFFFF\u00a0\u00bb header_font_size=\u00a0\u00bb40px\u00a0\u00bb width=\u00a0\u00bb100%\u00a0\u00bb text_font_size_tablet=\u00a0\u00bb16px\u00a0\u00bb text_font_size_phone=\u00a0\u00bb16px\u00a0\u00bb text_font_size_last_edited=\u00a0\u00bbon|desktop\u00a0\u00bb header_font_size_tablet=\u00a0\u00bb40px\u00a0\u00bb header_font_size_phone=\u00a0\u00bb30px\u00a0\u00bb header_font_size_last_edited=\u00a0\u00bbon|desktop\u00a0\u00bb global_colors_info=\u00a0\u00bb{}\u00a0\u00bb]<\/p>\n<h1 style=\"text-align: center;\">Mon compte<\/h1>\n<h1 style=\"text-align: center;\">Bordeaux-airport-transfers.com<\/h1>\n<p style=\"text-align: center;\">[\/et_pb_text][\/et_pb_column][\/et_pb_row][\/et_pb_section]<\/p>\n<p>[et_pb_section fb_built=\u00a0\u00bb1&Prime; _builder_version=\u00a0\u00bb4.24.0&Prime; _module_preset=\u00a0\u00bbdefault\u00a0\u00bb background_color=\u00a0\u00bb#f9f9f9&Prime; global_colors_info=\u00a0\u00bb{}\u00a0\u00bb][et_pb_row _builder_version=\u00a0\u00bb4.24.0&Prime; _module_preset=\u00a0\u00bbdefault\u00a0\u00bb global_colors_info=\u00a0\u00bb{}\u00a0\u00bb][et_pb_column type=\u00a0\u00bb4_4&Prime; _builder_version=\u00a0\u00bb4.24.0&Prime; _module_preset=\u00a0\u00bbdefault\u00a0\u00bb global_colors_info=\u00a0\u00bb{}\u00a0\u00bb][et_pb_text _builder_version=\u00a0\u00bb4.24.0&Prime; _module_preset=\u00a0\u00bbdefault\u00a0\u00bb hover_enabled=\u00a0\u00bb0&Prime; global_colors_info=\u00a0\u00bb{}\u00a0\u00bb sticky_enabled=\u00a0\u00bb0&Prime;]<\/p>\n<h2 style=\"text-align: center;\"><span>Acc\u00e9dez \u00e0 votre compte pour r\u00e9server des transferts de l&rsquo;a\u00e9roport de Bordeaux avec un chauffeur priv\u00e9 ou un service de taxi. Profitez d&rsquo;options de transport fiables et confortables pour vos d\u00e9placements. <\/span><\/h2>\n<p>[\/et_pb_text][\/et_pb_column][\/et_pb_row][et_pb_row _builder_version=\u00a0\u00bb4.24.0&Prime; _module_preset=\u00a0\u00bbdefault\u00a0\u00bb global_colors_info=\u00a0\u00bb{}\u00a0\u00bb][et_pb_column type=\u00a0\u00bb4_4&Prime; _builder_version=\u00a0\u00bb4.24.0&Prime; _module_preset=\u00a0\u00bbdefault\u00a0\u00bb global_colors_info=\u00a0\u00bb{}\u00a0\u00bb][et_pb_code _builder_version=\u00a0\u00bb4.24.0&Prime; _module_preset=\u00a0\u00bbdefault\u00a0\u00bb global_colors_info=\u00a0\u00bb{}\u00a0\u00bb]<iframe loading=\"lazy\" src=\"https:\/\/app.bordeaux-airport-transfers.com\/customer?site_key=7e3f3d3085b900d598bc40543d611575&lang=\"auto\"\" name=\"eto-iframe\" id=\"eto-iframe-40489\" class=\"eto-iframe\" style=\"width:1px; min-width:100%; border:0;\" width=\"100%\" height=\"270\" scrolling=\"no\" allow=\"geolocation\">This option will not work correctly. Unfortunately, your browser does not support inline frames.<\/iframe>\n<script type=\"text\/javascript\" async defer> (function() { var etoWidgetData = { checkTimeout: 100, googlePageSpeed: 0, googlePageSpeedLoadDelay: 6000, loadDelay: 0, }; function etoWidgetDocReady(fn) { if (document.readyState === 'complete' || document.readyState === 'interactive') { setTimeout(fn, 1); } else { document.addEventListener('DOMContentLoaded', fn); } } function etoWidgetReplaceUrlParam(url, paramName, paramValue) { var regex = new RegExp('([?;&])'+ paramName +'[^&;]*[;&]?'); var query = url.replace(regex, '$1').replace(\/&$\/, ''); return (query.length > 2 ? query + '&' : '?') + (paramValue ? paramName +'='+ paramValue : ''); } function etoWidgetInit() { iFrameResize({ log: false, targetOrigin: '*', checkOrigin: false, }, \"iframe#eto-iframe-40489\"); etoWidgetDocReady(function() { var elSelect = document.getElementById('gtranslate_selector'); if (elSelect) { elSelect.addEventListener('change', function(event) { var selectedLang = event.target.value ? event.target.value.split('|')[1] : null; var elIframe = document.getElementById('eto-iframe-40489'); if (elIframe && selectedLang !== null) { elIframe.src = etoWidgetReplaceUrlParam(elIframe.src, 'lang', selectedLang); } event.preventDefault(); }); } }); } function etoWidgetReady() { setTimeout(function() { etoWidgetData.checkTimeout--; if (typeof iFrameResize !== 'undefined') { etoWidgetInit(); } else if (etoWidgetData.checkTimeout > 0) { etoWidgetReady(); console.log('Library not loaded, checking again.'); } else { console.log('External library failed to load.'); } }, 100); }; if (etoWidgetData.loadDelay) { setTimeout(function() { etoWidgetReady(); }, etoWidgetData.loadDelay); } else { etoWidgetReady(); } })(); <\/script>\n[\/et_pb_code][\/et_pb_column][\/et_pb_row][\/et_pb_section]<\/p>\n","protected":false},"excerpt":{"rendered":"<p>Mon compte Bordeaux-airport-transfers.com Acc\u00e9dez \u00e0 votre compte pour r\u00e9server des transferts de l&rsquo;a\u00e9roport de Bordeaux avec un chauffeur priv\u00e9 ou un service de taxi. Profitez d&rsquo;options de transport fiables et confortables pour vos d\u00e9placements. <iframe loading=\"lazy\" src=\"https:\/\/app.bordeaux-airport-transfers.com\/customer?site_key=7e3f3d3085b900d598bc40543d611575&lang=\"auto\"\" name=\"eto-iframe\" id=\"eto-iframe-9607\" class=\"eto-iframe\" style=\"width:1px; min-width:100%; border:0;\" width=\"100%\" height=\"270\" scrolling=\"no\" allow=\"geolocation\">This option will not work correctly. Unfortunately, your browser does not support inline frames.<\/iframe>\n<script type=\"text\/javascript\" async defer> (function() { var etoWidgetData = { checkTimeout: 100, googlePageSpeed: 0, googlePageSpeedLoadDelay: 6000, loadDelay: 0, }; function etoWidgetDocReady(fn) { if (document.readyState === 'complete' || document.readyState === 'interactive') { setTimeout(fn, 1); } else { document.addEventListener('DOMContentLoaded', fn); } } function etoWidgetReplaceUrlParam(url, paramName, paramValue) { var regex = new RegExp('([?;&])'+ paramName +'[^&;]*[;&]?'); var query = url.replace(regex, '$1').replace(\/&$\/, ''); return (query.length > 2 ? query + '&' : '?') + (paramValue ? paramName +'='+ paramValue : ''); } function etoWidgetInit() { iFrameResize({ log: false, targetOrigin: '*', checkOrigin: false, }, \"iframe#eto-iframe-9607\"); etoWidgetDocReady(function() { var elSelect = document.getElementById('gtranslate_selector'); if (elSelect) { elSelect.addEventListener('change', function(event) { var selectedLang = event.target.value ? event.target.value.split('|')[1] : null; var elIframe = document.getElementById('eto-iframe-9607'); if (elIframe && selectedLang !== null) { elIframe.src = etoWidgetReplaceUrlParam(elIframe.src, 'lang', selectedLang); } event.preventDefault(); }); } }); } function etoWidgetReady() { setTimeout(function() { etoWidgetData.checkTimeout--; if (typeof iFrameResize !== 'undefined') { etoWidgetInit(); } else if (etoWidgetData.checkTimeout > 0) { etoWidgetReady(); console.log('Library not loaded, checking again.'); } else { console.log('External library failed to load.'); } }, 100); }; if (etoWidgetData.loadDelay) { setTimeout(function() { etoWidgetReady(); }, etoWidgetData.loadDelay); } else { etoWidgetReady(); } })(); <\/script>\n<\/p>\n","protected":false},"author":1,"featured_media":0,"parent":0,"menu_order":0,"comment_status":"closed","ping_status":"closed","template":"","meta":{"_et_pb_use_builder":"on","_et_pb_old_content":"","_et_gb_content_width":"","two_page_speed":{"current_score":{"desktop_score":100,"desktop_tti":"0.3\u00a0","mobile_score":83,"mobile_tti":"5.2\u00a0","date":"28.10.2024 01:26:15 pm","status":"completed"}},"footnotes":""},"class_list":["post-1431","page","type-page","status-publish","hentry"],"yoast_head":"<!-- This site is optimized with the Yoast SEO plugin v27.4 - https:\/\/yoast.com\/product\/yoast-seo-wordpress\/ -->\n<title>Mon compte | Bordeaux-airport-transfers.com<\/title>\n<meta name=\"description\" content=\"Acc\u00e9dez \u00e0 votre compte pour r\u00e9server Bordeaux-airport-transfers.com aupr\u00e8s d&#039;un chauffeur priv\u00e9 ou d&#039;un service de taxi. Profitez d&#039;options de transport fiables et confortables pour vos d\u00e9placements.\" \/>\n<meta name=\"robots\" content=\"index, follow, max-snippet:-1, max-image-preview:large, max-video-preview:-1\" \/>\n<link rel=\"canonical\" href=\"https:\/\/bordeaux-airport-transfers.com\/fr\/mon-compte\" \/>\n<meta property=\"og:locale\" content=\"fr_FR\" \/>\n<meta property=\"og:type\" content=\"article\" \/>\n<meta property=\"og:title\" content=\"Mon compte | Bordeaux-airport-transfers.com\" \/>\n<meta property=\"og:description\" content=\"Acc\u00e9dez \u00e0 votre compte pour r\u00e9server Bordeaux-airport-transfers.com aupr\u00e8s d&#039;un chauffeur priv\u00e9 ou d&#039;un service de taxi. Profitez d&#039;options de transport fiables et confortables pour vos d\u00e9placements.\" \/>\n<meta property=\"og:url\" content=\"https:\/\/bordeaux-airport-transfers.com\/fr\/mon-compte\" \/>\n<meta property=\"og:site_name\" content=\"Bordeaux-airport-transfers\" \/>\n<meta property=\"article:modified_time\" content=\"2024-10-28T12:26:15+00:00\" \/>\n<meta name=\"twitter:card\" content=\"summary_large_image\" \/>\n<meta name=\"twitter:label1\" content=\"Dur\u00e9e de lecture estim\u00e9e\" \/>\n\t<meta name=\"twitter:data1\" content=\"1 minute\" \/>\n<script type=\"application\/ld+json\" class=\"yoast-schema-graph\">{\"@context\":\"https:\\\/\\\/schema.org\",\"@graph\":[{\"@type\":\"WebPage\",\"@id\":\"https:\\\/\\\/bordeaux-airport-transfers.com\\\/fr\\\/mon-compte\",\"url\":\"https:\\\/\\\/bordeaux-airport-transfers.com\\\/fr\\\/mon-compte\",\"name\":\"Mon compte | Bordeaux-airport-transfers.com\",\"isPartOf\":{\"@id\":\"https:\\\/\\\/bordeaux-airport-transfers.com\\\/fr#website\"},\"datePublished\":\"2024-02-08T13:24:54+00:00\",\"dateModified\":\"2024-10-28T12:26:15+00:00\",\"description\":\"Acc\u00e9dez \u00e0 votre compte pour r\u00e9server Bordeaux-airport-transfers.com aupr\u00e8s d'un chauffeur priv\u00e9 ou d'un service de taxi. Profitez d'options de transport fiables et confortables pour vos d\u00e9placements.\",\"breadcrumb\":{\"@id\":\"https:\\\/\\\/bordeaux-airport-transfers.com\\\/fr\\\/mon-compte#breadcrumb\"},\"inLanguage\":\"fr-FR\",\"potentialAction\":[{\"@type\":\"ReadAction\",\"target\":[\"https:\\\/\\\/bordeaux-airport-transfers.com\\\/fr\\\/mon-compte\"]}]},{\"@type\":\"BreadcrumbList\",\"@id\":\"https:\\\/\\\/bordeaux-airport-transfers.com\\\/fr\\\/mon-compte#breadcrumb\",\"itemListElement\":[{\"@type\":\"ListItem\",\"position\":1,\"name\":\"Accueil\",\"item\":\"https:\\\/\\\/bordeaux-airport-transfers.com\\\/fr\"},{\"@type\":\"ListItem\",\"position\":2,\"name\":\"Mon compte\"}]},{\"@type\":\"WebSite\",\"@id\":\"https:\\\/\\\/bordeaux-airport-transfers.com\\\/fr#website\",\"url\":\"https:\\\/\\\/bordeaux-airport-transfers.com\\\/fr\",\"name\":\"Bordeaux-airport-transfers.com\",\"description\":\"\",\"publisher\":{\"@id\":\"https:\\\/\\\/bordeaux-airport-transfers.com\\\/fr#organization\"},\"potentialAction\":[{\"@type\":\"SearchAction\",\"target\":{\"@type\":\"EntryPoint\",\"urlTemplate\":\"https:\\\/\\\/bordeaux-airport-transfers.com\\\/fr?s={search_term_string}\"},\"query-input\":{\"@type\":\"PropertyValueSpecification\",\"valueRequired\":true,\"valueName\":\"search_term_string\"}}],\"inLanguage\":\"fr-FR\"},{\"@type\":\"Organization\",\"@id\":\"https:\\\/\\\/bordeaux-airport-transfers.com\\\/fr#organization\",\"name\":\"Bordeaux-airport-transfers\",\"url\":\"https:\\\/\\\/bordeaux-airport-transfers.com\\\/fr\",\"logo\":{\"@type\":\"ImageObject\",\"inLanguage\":\"fr-FR\",\"@id\":\"https:\\\/\\\/bordeaux-airport-transfers.com\\\/fr#\\\/schema\\\/logo\\\/image\\\/\",\"url\":\"https:\\\/\\\/bordeaux-airport-transfers.com\\\/wp-content\\\/uploads\\\/2024\\\/02\\\/Logo-Bordeaux-airport-transfers.com-500x500-2.png\",\"contentUrl\":\"https:\\\/\\\/bordeaux-airport-transfers.com\\\/wp-content\\\/uploads\\\/2024\\\/02\\\/Logo-Bordeaux-airport-transfers.com-500x500-2.png\",\"width\":500,\"height\":500,\"caption\":\"Bordeaux-airport-transfers\"},\"image\":{\"@id\":\"https:\\\/\\\/bordeaux-airport-transfers.com\\\/fr#\\\/schema\\\/logo\\\/image\\\/\"},\"sameAs\":[\"https:\\\/\\\/g.page\\\/r\\\/CVOkx000q0UQEBM\"]}]}<\/script>\n<!-- \/ Yoast SEO plugin. -->","yoast_head_json":{"title":"Mon compte | Bordeaux-airport-transfers.com","description":"Acc\u00e9dez \u00e0 votre compte pour r\u00e9server Bordeaux-airport-transfers.com aupr\u00e8s d'un chauffeur priv\u00e9 ou d'un service de taxi. Profitez d'options de transport fiables et confortables pour vos d\u00e9placements.","robots":{"index":"index","follow":"follow","max-snippet":"max-snippet:-1","max-image-preview":"max-image-preview:large","max-video-preview":"max-video-preview:-1"},"canonical":"https:\/\/bordeaux-airport-transfers.com\/fr\/mon-compte","og_locale":"fr_FR","og_type":"article","og_title":"Mon compte | Bordeaux-airport-transfers.com","og_description":"Acc\u00e9dez \u00e0 votre compte pour r\u00e9server Bordeaux-airport-transfers.com aupr\u00e8s d'un chauffeur priv\u00e9 ou d'un service de taxi. Profitez d'options de transport fiables et confortables pour vos d\u00e9placements.","og_url":"https:\/\/bordeaux-airport-transfers.com\/fr\/mon-compte","og_site_name":"Bordeaux-airport-transfers","article_modified_time":"2024-10-28T12:26:15+00:00","twitter_card":"summary_large_image","twitter_misc":{"Dur\u00e9e de lecture estim\u00e9e":"1 minute"},"schema":{"@context":"https:\/\/schema.org","@graph":[{"@type":"WebPage","@id":"https:\/\/bordeaux-airport-transfers.com\/fr\/mon-compte","url":"https:\/\/bordeaux-airport-transfers.com\/fr\/mon-compte","name":"Mon compte | Bordeaux-airport-transfers.com","isPartOf":{"@id":"https:\/\/bordeaux-airport-transfers.com\/fr#website"},"datePublished":"2024-02-08T13:24:54+00:00","dateModified":"2024-10-28T12:26:15+00:00","description":"Acc\u00e9dez \u00e0 votre compte pour r\u00e9server Bordeaux-airport-transfers.com aupr\u00e8s d'un chauffeur priv\u00e9 ou d'un service de taxi. Profitez d'options de transport fiables et confortables pour vos d\u00e9placements.","breadcrumb":{"@id":"https:\/\/bordeaux-airport-transfers.com\/fr\/mon-compte#breadcrumb"},"inLanguage":"fr-FR","potentialAction":[{"@type":"ReadAction","target":["https:\/\/bordeaux-airport-transfers.com\/fr\/mon-compte"]}]},{"@type":"BreadcrumbList","@id":"https:\/\/bordeaux-airport-transfers.com\/fr\/mon-compte#breadcrumb","itemListElement":[{"@type":"ListItem","position":1,"name":"Accueil","item":"https:\/\/bordeaux-airport-transfers.com\/fr"},{"@type":"ListItem","position":2,"name":"Mon compte"}]},{"@type":"WebSite","@id":"https:\/\/bordeaux-airport-transfers.com\/fr#website","url":"https:\/\/bordeaux-airport-transfers.com\/fr","name":"Bordeaux-airport-transfers.com","description":"","publisher":{"@id":"https:\/\/bordeaux-airport-transfers.com\/fr#organization"},"potentialAction":[{"@type":"SearchAction","target":{"@type":"EntryPoint","urlTemplate":"https:\/\/bordeaux-airport-transfers.com\/fr?s={search_term_string}"},"query-input":{"@type":"PropertyValueSpecification","valueRequired":true,"valueName":"search_term_string"}}],"inLanguage":"fr-FR"},{"@type":"Organization","@id":"https:\/\/bordeaux-airport-transfers.com\/fr#organization","name":"Bordeaux-airport-transfers","url":"https:\/\/bordeaux-airport-transfers.com\/fr","logo":{"@type":"ImageObject","inLanguage":"fr-FR","@id":"https:\/\/bordeaux-airport-transfers.com\/fr#\/schema\/logo\/image\/","url":"https:\/\/bordeaux-airport-transfers.com\/wp-content\/uploads\/2024\/02\/Logo-Bordeaux-airport-transfers.com-500x500-2.png","contentUrl":"https:\/\/bordeaux-airport-transfers.com\/wp-content\/uploads\/2024\/02\/Logo-Bordeaux-airport-transfers.com-500x500-2.png","width":500,"height":500,"caption":"Bordeaux-airport-transfers"},"image":{"@id":"https:\/\/bordeaux-airport-transfers.com\/fr#\/schema\/logo\/image\/"},"sameAs":["https:\/\/g.page\/r\/CVOkx000q0UQEBM"]}]}},"_links":{"self":[{"href":"https:\/\/bordeaux-airport-transfers.com\/fr\/wp-json\/wp\/v2\/pages\/1431","targetHints":{"allow":["GET"]}}],"collection":[{"href":"https:\/\/bordeaux-airport-transfers.com\/fr\/wp-json\/wp\/v2\/pages"}],"about":[{"href":"https:\/\/bordeaux-airport-transfers.com\/fr\/wp-json\/wp\/v2\/types\/page"}],"author":[{"embeddable":true,"href":"https:\/\/bordeaux-airport-transfers.com\/fr\/wp-json\/wp\/v2\/users\/1"}],"replies":[{"embeddable":true,"href":"https:\/\/bordeaux-airport-transfers.com\/fr\/wp-json\/wp\/v2\/comments?post=1431"}],"version-history":[{"count":4,"href":"https:\/\/bordeaux-airport-transfers.com\/fr\/wp-json\/wp\/v2\/pages\/1431\/revisions"}],"predecessor-version":[{"id":1712,"href":"https:\/\/bordeaux-airport-transfers.com\/fr\/wp-json\/wp\/v2\/pages\/1431\/revisions\/1712"}],"wp:attachment":[{"href":"https:\/\/bordeaux-airport-transfers.com\/fr\/wp-json\/wp\/v2\/media?parent=1431"}],"curies":[{"name":"wp","href":"https:\/\/api.w.org\/{rel}","templated":true}]}}